{"id":47,"date":"2025-07-07T13:35:10","date_gmt":"2025-07-07T13:35:10","guid":{"rendered":"https:\/\/webinaires.fesec.be\/?page_id=47"},"modified":"2025-10-07T11:25:40","modified_gmt":"2025-10-07T11:25:40","slug":"evenements","status":"publish","type":"page","link":"https:\/\/webinaires.fesec.be\/","title":{"rendered":"Nos ateliers Tronc Commun et PEQ  en ligne"},"content":{"rendered":"\t\t<div data-elementor-type=\"wp-page\" data-elementor-id=\"47\" class=\"elementor elementor-47\">\n\t\t\t\t<div class=\"elementor-element elementor-element-c665ff5 e-flex e-con-boxed e-con e-parent\" data-id=\"c665ff5\" data-element_type=\"container\" data-e-type=\"container\">\n\t\t\t\t\t<div class=\"e-con-inner\">\n\t\t\t\t<div class=\"elementor-element elementor-element-022d28c elementor-widget elementor-widget-text-editor\" data-id=\"022d28c\" data-element_type=\"widget\" data-e-type=\"widget\" data-widget_type=\"text-editor.default\">\n\t\t\t\t\t\t\t\t\t<h2>Explorez, partagez, et faites \u00e9voluer vos pratiques p\u00e9dagogiques avec nous !<\/h2>\t\t\t\t\t\t\t\t<\/div>\n\t\t\t\t\t<\/div>\n\t\t\t\t<\/div>\n\t\t<div class=\"elementor-element elementor-element-81fe927 e-flex e-con-boxed e-con e-parent\" data-id=\"81fe927\" data-element_type=\"container\" data-e-type=\"container\">\n\t\t\t\t\t<div class=\"e-con-inner\">\n\t\t\t\t<div class=\"elementor-element elementor-element-cbd8e9d elementor-widget elementor-widget-image\" data-id=\"cbd8e9d\" data-element_type=\"widget\" data-e-type=\"widget\" data-widget_type=\"image.default\">\n\t\t\t\t\t\t\t\t\t\t\t\t\t\t\t<img decoding=\"async\" src=\"https:\/\/webinaires.fesec.be\/wp-content\/uploads\/elementor\/thumbs\/logo-csa-banniere-site-700x450px-09-04-24_plan-de-travail-1-700x450-1-r8ftym2yfn6ksg7ys2mkqsp13oz25a26ngv8xj3d50.webp\" title=\"logo-csa-banniere-site-700x450px-09-04-24_plan-de-travail-1-700&#215;450\" alt=\"logo-csa-banniere-site-700x450px-09-04-24_plan-de-travail-1-700x450\" loading=\"lazy\" \/>\t\t\t\t\t\t\t\t\t\t\t\t\t\t\t<\/div>\n\t\t\t\t\t<\/div>\n\t\t\t\t<\/div>\n\t\t<div class=\"elementor-element elementor-element-fa49817 e-flex e-con-boxed e-con e-parent\" data-id=\"fa49817\" data-element_type=\"container\" data-e-type=\"container\">\n\t\t\t\t\t<div class=\"e-con-inner\">\n\t\t\t\t<div class=\"elementor-element elementor-element-a2300d3 elementor-widget-divider--view-line elementor-widget elementor-widget-divider\" data-id=\"a2300d3\" data-element_type=\"widget\" data-e-type=\"widget\" data-widget_type=\"divider.default\">\n\t\t\t\t\t\t\t<div class=\"elementor-divider\">\n\t\t\t<span class=\"elementor-divider-separator\">\n\t\t\t\t\t\t<\/span>\n\t\t<\/div>\n\t\t\t\t\t\t<\/div>\n\t\t\t\t\t<\/div>\n\t\t\t\t<\/div>\n\t\t<div class=\"elementor-element elementor-element-3380b38 e-flex e-con-boxed e-con e-parent\" data-id=\"3380b38\" data-element_type=\"container\" data-e-type=\"container\">\n\t\t\t\t\t<div class=\"e-con-inner\">\n\t\t\t\t<div class=\"elementor-element elementor-element-af6ce48 elementor-widget elementor-widget-text-editor\" data-id=\"af6ce48\" data-element_type=\"widget\" data-e-type=\"widget\" data-widget_type=\"text-editor.default\">\n\t\t\t\t\t\t\t\t\t<p data-start=\"388\" data-end=\"514\">Vous \u00eates enseignant\u00b7e\u00a0 engag\u00e9\u00b7e dans la mise en \u0153uvre du Tronc Commun ?<\/p><p data-start=\"516\" data-end=\"653\"><strong data-start=\"516\" data-end=\"539\">\u00ab\u00a0webinaires.fesec.be\u00a0\u00bb<\/strong> est votre espace d\u00e9di\u00e9 pour d\u00e9couvrir et vous inscrire\u00a0 aux ateliers en ligne propos\u00e9s par la Cellule de Soutien et d&rsquo;Accompagnement.<\/p><p data-start=\"1178\" data-end=\"1293\">Pour vous inscrire \u00e0 un atelier, introduisez votre discipline ou \u00ab\u00a0PEQ\u00a0\u00bb comme cl\u00e9 dans l&rsquo;encart ci-dessous, lancez votre recherche et inscrivez-vous.<br \/><br \/>Si, pour une raison ind\u00e9pendante de votre volont\u00e9, vous ne pouvez assister \u00e0 l&rsquo;un de nos webinaires mais que vous souhaitez disposer du lien de rediffusion, il est obligatoire que vous vous inscriviez (respect du RGPD). Signalez simplement, dans le commentaire (comme indiqu\u00e9 ci-dessous), qu&rsquo;il ne vous est pas possible d&rsquo;\u00eatre pr\u00e9sent.e, mais que vous souhaitez disposer du lien de rediffusion.<\/p><p data-start=\"1295\" data-end=\"1417\">\u00a0<\/p>\t\t\t\t\t\t\t\t<\/div>\n\t\t\t\t\t<\/div>\n\t\t\t\t<\/div>\n\t\t<div class=\"elementor-element elementor-element-ab372a0 e-flex e-con-boxed e-con e-parent\" data-id=\"ab372a0\" data-element_type=\"container\" data-e-type=\"container\">\n\t\t\t\t\t<div class=\"e-con-inner\">\n\t\t\t\t<div class=\"elementor-element elementor-element-26ce47c elementor-widget elementor-widget-text-editor\" data-id=\"26ce47c\" data-element_type=\"widget\" data-e-type=\"widget\" data-widget_type=\"text-editor.default\">\n\t\t\t\t\t\t\t\t\t<p class=\"x_MsoNormal\"><strong><span lang=\"FR\" data-olk-copy-source=\"MessageBody\">Attention, le webinaire de fran\u00e7ais de ce mercredi 8 octobre est d\u00e9plac\u00e9 au mercredi 15 octobre aux m\u00eames heures (16-17h).<br \/>Les inscriptions d\u00e9j\u00e0 enregistr\u00e9es restent valables. De nouvelles inscriptions sont encore possibles.<br \/>Merci de votre compr\u00e9hension.<\/span><\/strong><\/p><p class=\"x_MsoNormal\"><span lang=\"FR\">\u00a0<\/span><\/p>\t\t\t\t\t\t\t\t<\/div>\n\t\t\t\t\t<\/div>\n\t\t\t\t<\/div>\n\t\t<div class=\"elementor-element elementor-element-dcb6f9a e-flex e-con-boxed e-con e-parent\" data-id=\"dcb6f9a\" data-element_type=\"container\" data-e-type=\"container\">\n\t\t\t\t\t<div class=\"e-con-inner\">\n\t\t\t\t<div class=\"elementor-element elementor-element-92629aa elementor-view-default elementor-widget elementor-widget-icon\" data-id=\"92629aa\" data-element_type=\"widget\" data-e-type=\"widget\" data-widget_type=\"icon.default\">\n\t\t\t\t\t\t\t<div class=\"elementor-icon-wrapper\">\n\t\t\t<div class=\"elementor-icon\">\n\t\t\t<svg aria-hidden=\"true\" class=\"e-font-icon-svg e-far-arrow-alt-circle-down\" viewBox=\"0 0 512 512\" xmlns=\"http:\/\/www.w3.org\/2000\/svg\"><path d=\"M256 8C119 8 8 119 8 256s111 248 248 248 248-111 248-248S393 8 256 8zm0 448c-110.5 0-200-89.5-200-200S145.5 56 256 56s200 89.5 200 200-89.5 200-200 200zm-32-316v116h-67c-10.7 0-16 12.9-8.5 20.5l99 99c4.7 4.7 12.3 4.7 17 0l99-99c7.6-7.6 2.2-20.5-8.5-20.5h-67V140c0-6.6-5.4-12-12-12h-40c-6.6 0-12 5.4-12 12z\"><\/path><\/svg>\t\t\t<\/div>\n\t\t<\/div>\n\t\t\t\t\t\t<\/div>\n\t\t\t\t\t<\/div>\n\t\t\t\t<\/div>\n\t\t<div class=\"elementor-element elementor-element-82523e9 e-flex e-con-boxed e-con e-parent\" data-id=\"82523e9\" data-element_type=\"container\" data-e-type=\"container\">\n\t\t\t\t\t<div class=\"e-con-inner\">\n\t\t\t\t<div class=\"elementor-element elementor-element-2f72f8e elementor-widget elementor-widget-image\" data-id=\"2f72f8e\" data-element_type=\"widget\" data-e-type=\"widget\" data-widget_type=\"image.default\">\n\t\t\t\t\t\t\t\t\t\t\t\t\t\t\t<img fetchpriority=\"high\" decoding=\"async\" width=\"1024\" height=\"445\" src=\"https:\/\/webinaires.fesec.be\/wp-content\/uploads\/2025\/09\/commentaire-1024x445.jpg\" class=\"attachment-large size-large wp-image-401\" alt=\"\" srcset=\"https:\/\/webinaires.fesec.be\/wp-content\/uploads\/2025\/09\/commentaire-1024x445.jpg 1024w, https:\/\/webinaires.fesec.be\/wp-content\/uploads\/2025\/09\/commentaire-300x131.jpg 300w, https:\/\/webinaires.fesec.be\/wp-content\/uploads\/2025\/09\/commentaire-768x334.jpg 768w, https:\/\/webinaires.fesec.be\/wp-content\/uploads\/2025\/09\/commentaire.jpg 1200w\" sizes=\"(max-width: 1024px) 100vw, 1024px\" \/>\t\t\t\t\t\t\t\t\t\t\t\t\t\t\t<\/div>\n\t\t\t\t\t<\/div>\n\t\t\t\t<\/div>\n\t\t<div class=\"elementor-element elementor-element-59ecf328 e-flex e-con-boxed e-con e-parent\" data-id=\"59ecf328\" data-element_type=\"container\" data-e-type=\"container\">\n\t\t\t\t\t<div class=\"e-con-inner\">\n\t\t\t\t<div class=\"elementor-element elementor-element-1cb76383 elementor-widget elementor-widget-text-editor\" data-id=\"1cb76383\" data-element_type=\"widget\" data-e-type=\"widget\" data-widget_type=\"text-editor.default\">\n\t\t\t\t\t\t\t\t\t<p>CONTENTS<\/p>\t\t\t\t\t\t\t\t<\/div>\n\t\t\t\t\t<\/div>\n\t\t\t\t<\/div>\n\t\t<div class=\"elementor-element elementor-element-746892d e-flex e-con-boxed e-con e-parent\" data-id=\"746892d\" data-element_type=\"container\" data-e-type=\"container\">\n\t\t\t\t\t<div class=\"e-con-inner\">\n\t\t\t\t<div class=\"elementor-element elementor-element-de8a3cd elementor-align-center elementor-widget elementor-widget-button\" data-id=\"de8a3cd\" data-element_type=\"widget\" data-e-type=\"widget\" data-widget_type=\"button.default\">\n\t\t\t\t\t\t\t\t\t\t<a class=\"elementor-button elementor-button-link elementor-size-sm\" href=\"mailto:frederic.dewez@fesec.be\">\n\t\t\t\t\t\t<span class=\"elementor-button-content-wrapper\">\n\t\t\t\t\t\t<span class=\"elementor-button-icon\">\n\t\t\t\t<svg aria-hidden=\"true\" class=\"e-font-icon-svg e-far-envelope\" viewBox=\"0 0 512 512\" xmlns=\"http:\/\/www.w3.org\/2000\/svg\"><path d=\"M464 64H48C21.49 64 0 85.49 0 112v288c0 26.51 21.49 48 48 48h416c26.51 0 48-21.49 48-48V112c0-26.51-21.49-48-48-48zm0 48v40.805c-22.422 18.259-58.168 46.651-134.587 106.49-16.841 13.247-50.201 45.072-73.413 44.701-23.208.375-56.579-31.459-73.413-44.701C106.18 199.465 70.425 171.067 48 152.805V112h416zM48 400V214.398c22.914 18.251 55.409 43.862 104.938 82.646 21.857 17.205 60.134 55.186 103.062 54.955 42.717.231 80.509-37.199 103.053-54.947 49.528-38.783 82.032-64.401 104.947-82.653V400H48z\"><\/path><\/svg>\t\t\t<\/span>\n\t\t\t\t\t\t\t\t\t<span class=\"elementor-button-text\">Pour nous contacter<\/span>\n\t\t\t\t\t<\/span>\n\t\t\t\t\t<\/a>\n\t\t\t\t\t\t\t\t<\/div>\n\t\t\t\t\t<\/div>\n\t\t\t\t<\/div>\n\t\t\t\t<\/div>\n\t\t","protected":false},"excerpt":{"rendered":"<p>CONTENTS<\/p>\n","protected":false},"author":1,"featured_media":0,"parent":0,"menu_order":0,"comment_status":"closed","ping_status":"closed","template":"","meta":{"_kad_post_transparent":"","_kad_post_title":"","_kad_post_layout":"","_kad_post_sidebar_id":"","_kad_post_content_style":"","_kad_post_vertical_padding":"","_kad_post_feature":"","_kad_post_feature_position":"","_kad_post_header":false,"_kad_post_footer":false,"_kad_post_classname":"","footnotes":""},"class_list":["post-47","page","type-page","status-publish","hentry"],"_links":{"self":[{"href":"https:\/\/webinaires.fesec.be\/index.php?rest_route=\/wp\/v2\/pages\/47","targetHints":{"allow":["GET"]}}],"collection":[{"href":"https:\/\/webinaires.fesec.be\/index.php?rest_route=\/wp\/v2\/pages"}],"about":[{"href":"https:\/\/webinaires.fesec.be\/index.php?rest_route=\/wp\/v2\/types\/page"}],"author":[{"embeddable":true,"href":"https:\/\/webinaires.fesec.be\/index.php?rest_route=\/wp\/v2\/users\/1"}],"replies":[{"embeddable":true,"href":"https:\/\/webinaires.fesec.be\/index.php?rest_route=%2Fwp%2Fv2%2Fcomments&post=47"}],"version-history":[{"count":39,"href":"https:\/\/webinaires.fesec.be\/index.php?rest_route=\/wp\/v2\/pages\/47\/revisions"}],"predecessor-version":[{"id":438,"href":"https:\/\/webinaires.fesec.be\/index.php?rest_route=\/wp\/v2\/pages\/47\/revisions\/438"}],"wp:attachment":[{"href":"https:\/\/webinaires.fesec.be\/index.php?rest_route=%2Fwp%2Fv2%2Fmedia&parent=47"}],"curies":[{"name":"wp","href":"https:\/\/api.w.org\/{rel}","templated":true}]}}